{"id":514,"date":"2022-10-27T02:00:23","date_gmt":"2022-10-27T02:00:23","guid":{"rendered":"https:\/\/avas.live\/interior\/?page_id=514"},"modified":"2024-04-14T22:24:57","modified_gmt":"2024-04-14T22:24:57","slug":"services","status":"publish","type":"page","link":"https:\/\/vivalux.com.tr\/?page_id=514","title":{"rendered":"Services"},"content":{"rendered":"\t\t<div data-elementor-type=\"wp-page\" data-elementor-id=\"514\" class=\"elementor elementor-514\">\n\t\t\t\t\t\t<section class=\"elementor-section elementor-top-section elementor-element elementor-element-64871ce elementor-section-stretched elementor-section-boxed elementor-section-height-default elementor-section-height-default\" data-id=\"64871ce\" data-element_type=\"section\" data-settings=\"{&quot;stretch_section&quot;:&quot;section-stretched&quot;,&quot;background_background&quot;:&quot;classic&quot;}\">\n\t\t\t\t\t\t<div class=\"elementor-container elementor-column-gap-default\">\n\t\t\t\t\t<div class=\"elementor-column elementor-col-100 elementor-top-column elementor-element elementor-element-4c7d34b\" data-id=\"4c7d34b\" data-element_type=\"column\">\n\t\t\t<div class=\"elementor-widget-wrap elementor-element-populated\">\n\t\t\t\t\t\t<div class=\"elementor-element elementor-element-78f7516 tx-hd-align-center elementor-invisible elementor-widget elementor-widget-avas-heading\" data-id=\"78f7516\" data-element_type=\"widget\" data-settings=\"{&quot;_animation&quot;:&quot;fadeIn&quot;}\" data-widget_type=\"avas-heading.default\">\n\t\t\t\t<div class=\"elementor-widget-container\">\n\t\t\t        <div class=\"tx-hd-wrap\">\n\n            <div class=\"tx-hd-wm\"><\/div>\n\n            \n            <div class=\"tx-hd-sub\"><\/div>\n                        <h2 class=\"tx-hd-title\">\n                <span class=\"tx-hd-first-part\">Servislerimiz<\/span>\n                <span class=\"tx-hd-last-part\"><\/span>\n            <\/h2>    \n            \n            <div class=\"tx-hd-desc\"><p><strong>\u0130\u00e7 Mekan Tasar\u0131m\u0131nda Size \u00d6zel \u00c7\u00f6z\u00fcmler<\/strong><\/p><p>Biz, i\u00e7 mekan tasar\u0131m\u0131nda m\u00fc\u015fterilerimize en iyi hizmeti sunmak i\u00e7in buraday\u0131z. Servislerimiz, ya\u015fam alanlar\u0131n\u0131z\u0131 daha i\u015flevsel, estetik ve konforlu hale getirmek i\u00e7in \u00e7e\u015fitli ihtiya\u00e7lar\u0131n\u0131za cevap verir. \u0130\u015fte size sundu\u011fumuz servislerden baz\u0131lar\u0131:<\/p><p><strong>1. \u0130\u00e7 Mekan Tasar\u0131m\u0131 Dan\u0131\u015fmanl\u0131\u011f\u0131<\/strong>: Profesyonel tasar\u0131mc\u0131lar\u0131m\u0131z, m\u00fc\u015fterilerimizin ihtiya\u00e7lar\u0131n\u0131 dinler ve beklentilerini anlamak i\u00e7in \u00f6zel bir dan\u0131\u015fmanl\u0131k hizmeti sunarlar. Mekanlar\u0131n\u0131z\u0131n potansiyelini en iyi \u015fekilde de\u011ferlendirerek, size \u00f6zel tasar\u0131m \u00e7\u00f6z\u00fcmleri sunarlar.<\/p><p><strong>2. Konsept Tasar\u0131m ve Mood Board Olu\u015fturma<\/strong>: \u0130htiya\u00e7lar\u0131n\u0131za uygun bir konsept belirlemek ve tasar\u0131m\u0131n\u0131z\u0131 \u015fekillendirmek i\u00e7in mood board olu\u015fturma hizmeti sunar\u0131z. Renk paletleri, malzeme se\u00e7imleri, mobilya ve aksesuar \u00f6nerileri ile konseptinizi g\u00f6rsel olarak hayata ge\u00e7iririz.<\/p><p><strong>3. \u00d6zel Tasar\u0131m Mobilya ve Aksesuar Se\u00e7imi<\/strong>: Size \u00f6zel tasar\u0131m mobilya ve aksesuarlar\u0131n se\u00e7imi konusunda profesyonel yard\u0131m sa\u011flar\u0131z. Tarz\u0131n\u0131za, b\u00fct\u00e7enize ve mekan\u0131n\u0131z\u0131n gereksinimlerine uygun olarak en iyi se\u00e7enekleri sunar\u0131z. Mobilya, ayd\u0131nlatma, tekstil ve dekoratif objeler gibi detaylar\u0131 \u00f6zenle se\u00e7eriz.<\/p><p><strong>4. Proje Y\u00f6netimi ve Uygulama S\u00fcreci<\/strong>: Projenin her a\u015famas\u0131nda sizinle birlikte \u00e7al\u0131\u015farak, uygulama s\u00fcrecini y\u00f6netiriz. \u0130n\u015faat, montaj, tesisat ve di\u011fer i\u015fler i\u00e7in gerekli koordinasyonu sa\u011flar\u0131z. Kaliteli malzemelerin kullan\u0131m\u0131 ve zaman\u0131nda teslimat garantisi ile projenizin ba\u015far\u0131l\u0131 bir \u015fekilde tamamlanmas\u0131n\u0131 sa\u011flar\u0131z.<\/p><p><strong>5. Renovasyon ve Yenileme Hizmetleri<\/strong>: Mevcut mekanlar\u0131n\u0131z\u0131 yeniden tasarlamak veya yenilemek istedi\u011finizde size destek oluruz. \u0130htiya\u00e7lar\u0131n\u0131z\u0131 belirler, mevcut durumu analiz eder ve yenileme s\u00fcrecini ba\u015ftan sona y\u00f6netiriz. Eski mekanlar\u0131n\u0131z\u0131 modern ve i\u015flevsel alanlara d\u00f6n\u00fc\u015ft\u00fcr\u00fcr\u00fcz.<\/p><p><strong>6. B\u00fct\u00e7e ve Zaman Y\u00f6netimi<\/strong>: Projelerinizi belirlenen b\u00fct\u00e7e ve zaman \u00e7er\u00e7evesinde y\u00f6netiriz. Maliyet analizi yapar, harcamalar\u0131 kontrol alt\u0131nda tutar ve zaman\u0131nda teslimat\u0131 sa\u011flar\u0131z. Size en iyi de\u011feri sunarak, yat\u0131r\u0131m\u0131n\u0131z\u0131n kar\u015f\u0131l\u0131\u011f\u0131n\u0131 alman\u0131z\u0131 sa\u011flar\u0131z.<\/p><p>Bizimle \u00e7al\u0131\u015farak, i\u00e7 mekanlar\u0131n\u0131z\u0131 hayalinizdeki gibi \u015fekillendirebilirsiniz. Size \u00f6zel tasar\u0131m \u00e7\u00f6z\u00fcmleri ve profesyonel hizmetlerimizle, ya\u015fam alanlar\u0131n\u0131z\u0131 daha g\u00fczel ve i\u015flevsel hale getirebiliriz.<\/p><\/div>\n\n\n                   \n        <\/div><!-- tx-hd-wrap -->\n\n\n\n\n\n\n\n\n\t\t<\/div>\n\t\t\t\t<\/div>\n\t\t\t\t<section class=\"elementor-section elementor-inner-section elementor-element elementor-element-fd9c505 elementor-section-boxed elementor-section-height-default elementor-section-height-default\" data-id=\"fd9c505\" data-element_type=\"section\">\n\t\t\t\t\t\t<div class=\"elementor-container elementor-column-gap-wide\">\n\t\t\t\t\t<div class=\"elementor-column elementor-col-33 elementor-inner-column elementor-element elementor-element-06a8210\" data-id=\"06a8210\" data-element_type=\"column\">\n\t\t\t<div class=\"elementor-widget-wrap elementor-element-populated\">\n\t\t\t\t\t\t<div class=\"elementor-element elementor-element-a22a7fc elementor-invisible elementor-widget elementor-widget-avas-icon-box\" data-id=\"a22a7fc\" data-element_type=\"widget\" data-settings=\"{&quot;_animation&quot;:&quot;fadeIn&quot;}\" data-widget_type=\"avas-icon-box.default\">\n\t\t\t\t<div class=\"elementor-widget-container\">\n\t\t\t\t\n\t\t<div class=\"tx-icon-box-wrap style-1 left\">\n\n\t\t\t<div class=\"tx-icon-box-icon\">\n\t\t\t\t\t\t\t\t\t\t<img decoding=\"async\" src=\"https:\/\/avas.live\/interior\/wp-content\/uploads\/sites\/65\/2022\/10\/Mask-group.png\">\n\t\t\t\t\t\n\t\t\t\t\n\t\t\t<\/div><!-- tx-icon-box-icon -->\n\n\t\t\t<div class=\"tx-icon-box-content-wrap\">\n\n\t\t\t\t\t\t\t\t\t\t\t\t<h4 class=\"tx-icon-box-title\">\n\t\t\t\tMimari yakla\u015f\u0131m\t\t\t\t<\/h4>\n\t\t\t\t\t\t\t\t\n\t\t\t\t<div class=\"tx-icon-box-desc\"><p>Mimari yakla\u015f\u0131m\u0131m\u0131z, estetik de\u011ferlerle fonksiyonellik ve s\u00fcrd\u00fcr\u00fclebilirlik aras\u0131nda dengeli bir denge kurmay\u0131 hedefler. Her projeye \u00f6zg\u00fc bir yakla\u015f\u0131m benimseyerek, estetik a\u00e7\u0131dan \u00e7arp\u0131c\u0131, i\u015flevsel ve \u00e7evre dostu mekanlar tasarlamay\u0131 ama\u00e7lar\u0131z.<\/p><\/div>\n\t\t\t\t\t\t\t<\/div><!-- tx-icon-box-content-wrap -->\n\n\t\t<\/div><!-- tx-icon-box-wrap -->\n\n\t\t<\/div>\n\t\t\t\t<\/div>\n\t\t\t\t<div class=\"elementor-element elementor-element-b299eef elementor-invisible elementor-widget elementor-widget-avas-icon-box\" data-id=\"b299eef\" data-element_type=\"widget\" data-settings=\"{&quot;_animation&quot;:&quot;fadeIn&quot;}\" data-widget_type=\"avas-icon-box.default\">\n\t\t\t\t<div class=\"elementor-widget-container\">\n\t\t\t\t\n\t\t<div class=\"tx-icon-box-wrap style-1 left\">\n\n\t\t\t<div class=\"tx-icon-box-icon\">\n\t\t\t\t\t\t\t\t\t\t<img decoding=\"async\" src=\"https:\/\/avas.live\/interior\/wp-content\/uploads\/sites\/65\/2022\/10\/Mask-group-1.png\">\n\t\t\t\t\t\n\t\t\t\t\n\t\t\t<\/div><!-- tx-icon-box-icon -->\n\n\t\t\t<div class=\"tx-icon-box-content-wrap\">\n\n\t\t\t\t\t\t\t\t\t\t\t\t<h4 class=\"tx-icon-box-title\">\n\t\t\t\tDekorasyon\t\t\t\t<\/h4>\n\t\t\t\t\t\t\t\t\n\t\t\t\t<div class=\"tx-icon-box-desc\"><p>Deneyimli usta ekibimizle evinize en uygun ve yenilik\u00e7i ekipmanlarla estetik ve dayan\u0131kl\u0131 \u00e7\u00f6z\u00fcmler \u00fcretmeyi ama\u00e7l\u0131yoruz<\/p><\/div>\n\t\t\t\t\t\t\t<\/div><!-- tx-icon-box-content-wrap -->\n\n\t\t<\/div><!-- tx-icon-box-wrap -->\n\n\t\t<\/div>\n\t\t\t\t<\/div>\n\t\t\t\t\t<\/div>\n\t\t<\/div>\n\t\t\t\t<div class=\"elementor-column elementor-col-33 elementor-inner-column elementor-element elementor-element-22a5bc9\" data-id=\"22a5bc9\" data-element_type=\"column\">\n\t\t\t<div class=\"elementor-widget-wrap elementor-element-populated\">\n\t\t\t\t\t\t<div class=\"elementor-element elementor-element-f6b7657 elementor-invisible elementor-widget elementor-widget-avas-icon-box\" data-id=\"f6b7657\" data-element_type=\"widget\" data-settings=\"{&quot;_animation&quot;:&quot;fadeIn&quot;}\" data-widget_type=\"avas-icon-box.default\">\n\t\t\t\t<div class=\"elementor-widget-container\">\n\t\t\t\t\n\t\t<div class=\"tx-icon-box-wrap style-1 left\">\n\n\t\t\t<div class=\"tx-icon-box-icon\">\n\t\t\t\t\t\t\t\t\t\t<img decoding=\"async\" src=\"https:\/\/avas.live\/interior\/wp-content\/uploads\/sites\/65\/2022\/10\/Mask-group-1.png\">\n\t\t\t\t\t\n\t\t\t\t\n\t\t\t<\/div><!-- tx-icon-box-icon -->\n\n\t\t\t<div class=\"tx-icon-box-content-wrap\">\n\n\t\t\t\t\t\t\t\t\t\t\t\t<h4 class=\"tx-icon-box-title\">\n\t\t\t\t\u0130\u00e7 Mekan\t\t\t\t<\/h4>\n\t\t\t\t\t\t\t\t\n\t\t\t\t<div class=\"tx-icon-box-desc\"><p>Evlerimiz ve i\u015fyerlerimiz, ki\u015fisel tarz\u0131m\u0131z\u0131 yans\u0131tan ve bize ait olan alanlard\u0131r. \u0130\u00e7 mekan tasar\u0131m\u0131, bu alanlar\u0131n estetik, i\u015flevsellik ve konfor a\u00e7\u0131s\u0131ndan en iyi \u015fekilde d\u00fczenlenmesini sa\u011flar. Biz, i\u00e7 mekan tasar\u0131m\u0131nda sizin i\u00e7in yarat\u0131c\u0131, \u00f6zg\u00fcn ve ki\u015fiselle\u015ftirilmi\u015f \u00e7\u00f6z\u00fcmler sunuyoruz.<\/p><\/div>\n\t\t\t\t\t\t\t<\/div><!-- tx-icon-box-content-wrap -->\n\n\t\t<\/div><!-- tx-icon-box-wrap -->\n\n\t\t<\/div>\n\t\t\t\t<\/div>\n\t\t\t\t<div class=\"elementor-element elementor-element-ef2a76c elementor-invisible elementor-widget elementor-widget-avas-icon-box\" data-id=\"ef2a76c\" data-element_type=\"widget\" data-settings=\"{&quot;_animation&quot;:&quot;fadeIn&quot;}\" data-widget_type=\"avas-icon-box.default\">\n\t\t\t\t<div class=\"elementor-widget-container\">\n\t\t\t\t\n\t\t<div class=\"tx-icon-box-wrap style-1 left\">\n\n\t\t\t<div class=\"tx-icon-box-icon\">\n\t\t\t\t\t\t\t\t\t\t<img decoding=\"async\" src=\"https:\/\/avas.live\/interior\/wp-content\/uploads\/sites\/65\/2022\/10\/Mask-group-1.png\">\n\t\t\t\t\t\n\t\t\t\t\n\t\t\t<\/div><!-- tx-icon-box-icon -->\n\n\t\t\t<div class=\"tx-icon-box-content-wrap\">\n\n\t\t\t\t\t\t\t\t\t\t\t\t<h4 class=\"tx-icon-box-title\">\n\t\t\t\tKonutsal Tasar\u0131m\t\t\t\t<\/h4>\n\t\t\t\t\t\t\t\t\n\t\t\t\t<div class=\"tx-icon-box-desc\"><p><strong>Evlerinizi Hayal Etti\u011finiz Gibi \u015eekillendiriyoruz<\/strong><\/p><p>Evlerimiz, ya\u015fam\u0131m\u0131z\u0131n en \u00f6nemli par\u00e7alar\u0131ndan biridir. Biz, konutsal tasar\u0131m alan\u0131nda, evlerinizi hayal etti\u011finiz gibi \u015fekillendirerek, sizin ve sevdiklerinizin ihtiya\u00e7lar\u0131na cevap veren \u00f6zel \u00e7\u00f6z\u00fcmler sunuyoruz. \u00a0<\/p><p>Size \u00f6zel tasar\u0131m mobilya ve dekorasyon \u00e7\u00f6z\u00fcmleri sunuyoruz. Modern, klasik, minimalist veya retro tarzlarda olsun, evinizin tarz\u0131na uygun mobilya ve dekoratif objeler se\u00e7iyoruz.<\/p><\/div>\n\t\t\t\t\t\t\t<\/div><!-- tx-icon-box-content-wrap -->\n\n\t\t<\/div><!-- tx-icon-box-wrap -->\n\n\t\t<\/div>\n\t\t\t\t<\/div>\n\t\t\t\t\t<\/div>\n\t\t<\/div>\n\t\t\t\t<div class=\"elementor-column elementor-col-33 elementor-inner-column elementor-element elementor-element-0c15bb4\" data-id=\"0c15bb4\" data-element_type=\"column\">\n\t\t\t<div class=\"elementor-widget-wrap elementor-element-populated\">\n\t\t\t\t\t\t<div class=\"elementor-element elementor-element-959bb71 elementor-invisible elementor-widget elementor-widget-avas-icon-box\" data-id=\"959bb71\" data-element_type=\"widget\" data-settings=\"{&quot;_animation&quot;:&quot;fadeIn&quot;}\" data-widget_type=\"avas-icon-box.default\">\n\t\t\t\t<div class=\"elementor-widget-container\">\n\t\t\t\t\n\t\t<div class=\"tx-icon-box-wrap style-1 left\">\n\n\t\t\t<div class=\"tx-icon-box-icon\">\n\t\t\t\t\t\t\t\t\t\t<img decoding=\"async\" src=\"https:\/\/avas.live\/interior\/wp-content\/uploads\/sites\/65\/2022\/10\/Mask-group-2.png\">\n\t\t\t\t\t\n\t\t\t\t\n\t\t\t<\/div><!-- tx-icon-box-icon -->\n\n\t\t\t<div class=\"tx-icon-box-content-wrap\">\n\n\t\t\t\t\t\t\t\t\t\t\t\t<h4 class=\"tx-icon-box-title\">\n\t\t\t\tMobilya\t\t\t\t<\/h4>\n\t\t\t\t\t\t\t\t\n\t\t\t\t<div class=\"tx-icon-box-desc\"><p>Mobilya, ya\u015fam alanlar\u0131m\u0131z\u0131n ruhunu yans\u0131tan ve kullan\u0131m deneyimimizi \u015fekillendiren \u00f6nemli unsurlardan biridir. Estetik tasar\u0131m\u0131yla g\u00f6zleri b\u00fcy\u00fclerken, i\u015flevselli\u011fiyle g\u00fcnl\u00fck hayat\u0131m\u0131z\u0131 kolayla\u015ft\u0131r\u0131r. Biz, mobilya tasar\u0131m\u0131nda estetik ve i\u015flevsellik aras\u0131nda m\u00fckemmel dengeyi bulmay\u0131 ama\u00e7layan bir ekibiz.<\/p><\/div>\n\t\t\t\t\t\t\t<\/div><!-- tx-icon-box-content-wrap -->\n\n\t\t<\/div><!-- tx-icon-box-wrap -->\n\n\t\t<\/div>\n\t\t\t\t<\/div>\n\t\t\t\t<div class=\"elementor-element elementor-element-4d3641d elementor-invisible elementor-widget elementor-widget-avas-icon-box\" data-id=\"4d3641d\" data-element_type=\"widget\" data-settings=\"{&quot;_animation&quot;:&quot;fadeIn&quot;}\" data-widget_type=\"avas-icon-box.default\">\n\t\t\t\t<div class=\"elementor-widget-container\">\n\t\t\t\t\n\t\t<div class=\"tx-icon-box-wrap style-1 left\">\n\n\t\t\t<div class=\"tx-icon-box-icon\">\n\t\t\t\t\t\t\t\t\t\t<img decoding=\"async\" src=\"https:\/\/avas.live\/interior\/wp-content\/uploads\/sites\/65\/2022\/10\/Mask-group-2.png\">\n\t\t\t\t\t\n\t\t\t\t\n\t\t\t<\/div><!-- tx-icon-box-icon -->\n\n\t\t\t<div class=\"tx-icon-box-content-wrap\">\n\n\t\t\t\t\t\t\t\t\t\t\t\t<h4 class=\"tx-icon-box-title\">\n\t\t\t\t3D Modelleme\t\t\t\t<\/h4>\n\t\t\t\t\t\t\t\t\n\t\t\t\t<div class=\"tx-icon-box-desc\"><p>3D modelleme, fikirlerinizi ger\u00e7e\u011fe d\u00f6n\u00fc\u015ft\u00fcrmenin en g\u00fc\u00e7l\u00fc ara\u00e7lar\u0131ndan biridir. Biz, 3D modelleme alan\u0131nda uzmanla\u015fm\u0131\u015f bir ekiple, sizin i\u00e7in \u00f6zel tasar\u0131mlar olu\u015fturuyoruz. \u0130ster mimari projeler, ister \u00fcr\u00fcn tasar\u0131mlar\u0131 olsun, 3D modelleme hizmetlerimizle size en iyi \u00e7\u00f6z\u00fcmleri sunuyoruz.<\/p><\/div>\n\t\t\t\t\t\t\t<\/div><!-- tx-icon-box-content-wrap -->\n\n\t\t<\/div><!-- tx-icon-box-wrap -->\n\n\t\t<\/div>\n\t\t\t\t<\/div>\n\t\t\t\t\t<\/div>\n\t\t<\/div>\n\t\t\t\t\t<\/div>\n\t\t<\/section>\n\t\t\t\t\t<\/div>\n\t\t<\/div>\n\t\t\t\t\t<\/div>\n\t\t<\/section>\n\t\t\t\t<section class=\"elementor-section elementor-top-section elementor-element elementor-element-f600152 elementor-section-stretched elementor-section-boxed elementor-section-height-default elementor-section-height-default\" data-id=\"f600152\" data-element_type=\"section\" data-settings=\"{&quot;stretch_section&quot;:&quot;section-stretched&quot;,&quot;background_background&quot;:&quot;classic&quot;}\">\n\t\t\t\t\t\t<div class=\"elementor-container elementor-column-gap-default\">\n\t\t\t\t\t<div class=\"elementor-column elementor-col-25 elementor-top-column elementor-element elementor-element-93ea0a9 elementor-invisible\" data-id=\"93ea0a9\" data-element_type=\"column\" data-settings=\"{&quot;animation&quot;:&quot;fadeIn&quot;}\">\n\t\t\t<div class=\"elementor-widget-wrap elementor-element-populated\">\n\t\t\t\t\t\t<div class=\"elementor-element elementor-element-7560f95 elementor-widget elementor-widget-counter\" data-id=\"7560f95\" data-element_type=\"widget\" data-widget_type=\"counter.default\">\n\t\t\t\t<div class=\"elementor-widget-container\">\n\t\t\t<style>\/*! elementor - v3.20.0 - 10-04-2024 *\/\n.elementor-counter .elementor-counter-number-wrapper{display:flex;font-size:69px;font-weight:600;line-height:1}.elementor-counter .elementor-counter-number-prefix,.elementor-counter .elementor-counter-number-suffix{flex-grow:1;white-space:pre-wrap}.elementor-counter .elementor-counter-number-prefix{text-align:right}.elementor-counter .elementor-counter-number-suffix{text-align:left}.elementor-counter .elementor-counter-title{text-align:center;font-size:19px;font-weight:400;line-height:2.5}<\/style>\t\t<div class=\"elementor-counter\">\n\t\t\t<div class=\"elementor-counter-number-wrapper\">\n\t\t\t\t<span class=\"elementor-counter-number-prefix\"><\/span>\n\t\t\t\t<span class=\"elementor-counter-number\" data-duration=\"2000\" data-to-value=\"1\" data-from-value=\"0\">0<\/span>\n\t\t\t\t<span class=\"elementor-counter-number-suffix\">K+<\/span>\n\t\t\t<\/div>\n\t\t\t\t\t\t\t<div class=\"elementor-counter-title\">Tasarlanan Proje<\/div>\n\t\t\t\t\t<\/div>\n\t\t\t\t<\/div>\n\t\t\t\t<\/div>\n\t\t\t\t\t<\/div>\n\t\t<\/div>\n\t\t\t\t<div class=\"elementor-column elementor-col-25 elementor-top-column elementor-element elementor-element-919c897 elementor-invisible\" data-id=\"919c897\" data-element_type=\"column\" data-settings=\"{&quot;animation&quot;:&quot;fadeIn&quot;}\">\n\t\t\t<div class=\"elementor-widget-wrap elementor-element-populated\">\n\t\t\t\t\t\t<div class=\"elementor-element elementor-element-5ed0798 elementor-widget elementor-widget-counter\" data-id=\"5ed0798\" data-element_type=\"widget\" data-widget_type=\"counter.default\">\n\t\t\t\t<div class=\"elementor-widget-container\">\n\t\t\t\t\t<div class=\"elementor-counter\">\n\t\t\t<div class=\"elementor-counter-number-wrapper\">\n\t\t\t\t<span class=\"elementor-counter-number-prefix\"><\/span>\n\t\t\t\t<span class=\"elementor-counter-number\" data-duration=\"2000\" data-to-value=\"23\" data-from-value=\"0\">0<\/span>\n\t\t\t\t<span class=\"elementor-counter-number-suffix\"><\/span>\n\t\t\t<\/div>\n\t\t\t\t\t\t\t<div class=\"elementor-counter-title\">Y\u0131ll\u0131k Deneyim<\/div>\n\t\t\t\t\t<\/div>\n\t\t\t\t<\/div>\n\t\t\t\t<\/div>\n\t\t\t\t\t<\/div>\n\t\t<\/div>\n\t\t\t\t<div class=\"elementor-column elementor-col-25 elementor-top-column elementor-element elementor-element-b59caf5 elementor-invisible\" data-id=\"b59caf5\" data-element_type=\"column\" data-settings=\"{&quot;animation&quot;:&quot;fadeIn&quot;}\">\n\t\t\t<div class=\"elementor-widget-wrap elementor-element-populated\">\n\t\t\t\t\t\t<div class=\"elementor-element elementor-element-7ac8807 elementor-widget elementor-widget-counter\" data-id=\"7ac8807\" data-element_type=\"widget\" data-widget_type=\"counter.default\">\n\t\t\t\t<div class=\"elementor-widget-container\">\n\t\t\t\t\t<div class=\"elementor-counter\">\n\t\t\t<div class=\"elementor-counter-number-wrapper\">\n\t\t\t\t<span class=\"elementor-counter-number-prefix\"><\/span>\n\t\t\t\t<span class=\"elementor-counter-number\" data-duration=\"2000\" data-to-value=\"15\" data-from-value=\"0\">0<\/span>\n\t\t\t\t<span class=\"elementor-counter-number-suffix\"><\/span>\n\t\t\t<\/div>\n\t\t\t\t\t\t\t<div class=\"elementor-counter-title\">Uzman Ekip<\/div>\n\t\t\t\t\t<\/div>\n\t\t\t\t<\/div>\n\t\t\t\t<\/div>\n\t\t\t\t\t<\/div>\n\t\t<\/div>\n\t\t\t\t<div class=\"elementor-column elementor-col-25 elementor-top-column elementor-element elementor-element-76428e7 elementor-invisible\" data-id=\"76428e7\" data-element_type=\"column\" data-settings=\"{&quot;animation&quot;:&quot;fadeIn&quot;}\">\n\t\t\t<div class=\"elementor-widget-wrap elementor-element-populated\">\n\t\t\t\t\t\t<div class=\"elementor-element elementor-element-31c495b elementor-widget elementor-widget-counter\" data-id=\"31c495b\" data-element_type=\"widget\" data-widget_type=\"counter.default\">\n\t\t\t\t<div class=\"elementor-widget-container\">\n\t\t\t\t\t<div class=\"elementor-counter\">\n\t\t\t<div class=\"elementor-counter-number-wrapper\">\n\t\t\t\t<span class=\"elementor-counter-number-prefix\"><\/span>\n\t\t\t\t<span class=\"elementor-counter-number\" data-duration=\"2000\" data-to-value=\"750\" data-from-value=\"0\">0<\/span>\n\t\t\t\t<span class=\"elementor-counter-number-suffix\"><\/span>\n\t\t\t<\/div>\n\t\t\t\t\t\t\t<div class=\"elementor-counter-title\">Mutlu M\u00fc\u015fteri<\/div>\n\t\t\t\t\t<\/div>\n\t\t\t\t<\/div>\n\t\t\t\t<\/div>\n\t\t\t\t\t<\/div>\n\t\t<\/div>\n\t\t\t\t\t<\/div>\n\t\t<\/section>\n\t\t\t\t<section class=\"elementor-section elementor-top-section elementor-element elementor-element-db09f4e elementor-section-stretched elementor-section-boxed elementor-section-height-default elementor-section-height-default\" data-id=\"db09f4e\" data-element_type=\"section\" data-settings=\"{&quot;stretch_section&quot;:&quot;section-stretched&quot;,&quot;background_background&quot;:&quot;classic&quot;}\">\n\t\t\t\t\t\t<div class=\"elementor-container elementor-column-gap-default\">\n\t\t\t\t\t<div class=\"elementor-column elementor-col-100 elementor-top-column elementor-element elementor-element-45f7ecd\" data-id=\"45f7ecd\" data-element_type=\"column\">\n\t\t\t<div class=\"elementor-widget-wrap elementor-element-populated\">\n\t\t\t\t\t\t<div class=\"elementor-element elementor-element-a932f46 tx-hd-align-center elementor-invisible elementor-widget elementor-widget-avas-heading\" data-id=\"a932f46\" data-element_type=\"widget\" data-settings=\"{&quot;_animation&quot;:&quot;fadeIn&quot;}\" data-widget_type=\"avas-heading.default\">\n\t\t\t\t<div class=\"elementor-widget-container\">\n\t\t\t        <div class=\"tx-hd-wrap\">\n\n            <div class=\"tx-hd-wm\"><\/div>\n\n            \n            <div class=\"tx-hd-sub\"><\/div>\n                        <h2 class=\"tx-hd-title\">\n                <span class=\"tx-hd-first-part\">Bir projeniz mi var?<\/span>\n                <span class=\"tx-hd-last-part\"><\/span>\n            <\/h2>    \n            \n            <div class=\"tx-hd-desc\"><p><strong>Projenizi Bizimle Ger\u00e7ekle\u015ftirin: \u0130\u00e7 Mekan Tasar\u0131m\u0131nda Yarat\u0131c\u0131l\u0131\u011f\u0131n\u0131z\u0131 Hayata Ge\u00e7irin<\/strong><\/p><\/div>\n\n\n                   \n        <\/div><!-- tx-hd-wrap -->\n\n\n\n\n\n\n\n\n\t\t<\/div>\n\t\t\t\t<\/div>\n\t\t\t\t<div class=\"elementor-element elementor-element-3fc49da elementor-invisible elementor-widget elementor-widget-avas-dual-button\" data-id=\"3fc49da\" data-element_type=\"widget\" data-settings=\"{&quot;_animation&quot;:&quot;fadeIn&quot;}\" data-widget_type=\"avas-dual-button.default\">\n\t\t\t\t<div class=\"elementor-widget-container\">\n\t\t\t\n\t\t<div class=\"tx-dual-btn-wrap\">\n\n                            <a href=\"https:\/\/vivalux.com.tr\/?page_id=517\" class=\"tx-dual-btn-primary none elementor-animation-\" target=\"_self\" >\n                                            <span class=\"tx-dual-btn-pri-icon-before\"><\/span>\n                                        Hadi Ba\u015flayal\u0131m                                    <\/a>\n            <!-- primary button end -->\n\n                            <a href=\"https:\/\/vivalux.com.tr\/?page_id=515\" class=\"tx-dual-btn-secondary none elementor-animation-\" target=\"_self\" >\n                                            <span class=\"tx-dual-btn-sec-icon-before\"><\/span>\n                                        PROJELER\u0130M\u0130Z                                    <\/a>\n            <!-- secondary button end -->\n\t\t\t\n\t\t<\/div><!-- tx-dual-btn-wrap -->\n\t\t\n\t\t\n\t\t<\/div>\n\t\t\t\t<\/div>\n\t\t\t\t\t<\/div>\n\t\t<\/div>\n\t\t\t\t\t<\/div>\n\t\t<\/section>\n\t\t\t\t<\/div>\n\t\t","protected":false},"excerpt":{"rendered":"<p class=\"tx-excerpt\">Servislerimiz \u0130\u00e7 Mekan Tasar\u0131m\u0131nda Size \u00d6zel \u00c7\u00f6z\u00fcmler Biz, i\u00e7 mekan tasar\u0131m\u0131nda m\u00fc\u015fterilerimize en iyi hizmeti sunmak i\u00e7in buraday\u0131z. Servislerimiz, ya\u015fam alanlar\u0131n\u0131z\u0131 daha i\u015flevsel, estetik ve konforlu hale getirmek i\u00e7in \u00e7e\u015fitli ihtiya\u00e7lar\u0131n\u0131za cevap verir.","protected":false},"author":1,"featured_media":0,"parent":0,"menu_order":0,"comment_status":"closed","ping_status":"closed","template":"templates\/blank.php","meta":{"footnotes":""},"_links":{"self":[{"href":"https:\/\/vivalux.com.tr\/index.php?rest_route=\/wp\/v2\/pages\/514"}],"collection":[{"href":"https:\/\/vivalux.com.tr\/index.php?rest_route=\/wp\/v2\/pages"}],"about":[{"href":"https:\/\/vivalux.com.tr\/index.php?rest_route=\/wp\/v2\/types\/page"}],"author":[{"embeddable":true,"href":"https:\/\/vivalux.com.tr\/index.php?rest_route=\/wp\/v2\/users\/1"}],"replies":[{"embeddable":true,"href":"https:\/\/vivalux.com.tr\/index.php?rest_route=%2Fwp%2Fv2%2Fcomments&post=514"}],"version-history":[{"count":10,"href":"https:\/\/vivalux.com.tr\/index.php?rest_route=\/wp\/v2\/pages\/514\/revisions"}],"predecessor-version":[{"id":1109,"href":"https:\/\/vivalux.com.tr\/index.php?rest_route=\/wp\/v2\/pages\/514\/revisions\/1109"}],"wp:attachment":[{"href":"https:\/\/vivalux.com.tr\/index.php?rest_route=%2Fwp%2Fv2%2Fmedia&parent=514"}],"curies":[{"name":"wp","href":"https:\/\/api.w.org\/{rel}","templated":true}]}}